{"id":1365,"date":"2024-10-04T06:30:25","date_gmt":"2024-10-04T05:30:25","guid":{"rendered":"https:\/\/dev.comhartaighde.ie\/information-about-the-e-journal\/"},"modified":"2024-10-04T06:30:25","modified_gmt":"2024-10-04T05:30:25","slug":"information-about-the-e-journal","status":"publish","type":"page","link":"https:\/\/comhartaighde.ie\/en\/information-about-the-e-journal\/","title":{"rendered":"Information about the e-journal"},"content":{"rendered":"<p><span style=\"vertical-align: inherit;\"><span style=\"vertical-align: inherit;\">In 2015, a new annual academic journal was launched, which was peer-reviewed by a team of scholars from institutions in Ireland and abroad. Scholarly work of the highest quality is published in this magazine,   <\/span><\/span><strong><span style=\"vertical-align: inherit;\"><span style=\"vertical-align: inherit;\">COMHAR<\/span><\/span> <em><span style=\"vertical-align: inherit;\"><span style=\"vertical-align: inherit;\">R\u00e1ixn<\/span><\/span><\/em><\/strong><span style=\"vertical-align: inherit;\"><span style=\"vertical-align: inherit;\">  , in the following areas of New Irish studies in particular: criticism of literature and culture, studies of songs and oral traditions, and sociolinguistics of Irish. In order to serve the global Irish-speaking community in Ireland and abroad, the magazine is published on a free-access basis via the internet. It is believed that this journal does not compete with any other well-known periodical, but rather provides a peer-reviewed forum for researchers in fields of study that currently do not have as many published sites available to them. The proposal stems from the long tradition of the monthly     <\/span><\/span><em><span style=\"vertical-align: inherit;\"><span style=\"vertical-align: inherit;\">Cooperation<\/span><\/span><\/em><span style=\"vertical-align: inherit;\"><span style=\"vertical-align: inherit;\">  magazine as a place for thinking and from the original philosophy of the magazine regarding the dissemination of student results to the wider community.<\/span><\/span><\/p>\n<h2><strong>Editors<\/strong><\/h2>\n<ul>\n<li>Associate Professor Caoimh\u00edn Mac Giolla L\u00e9ith<\/li>\n<li>Associate Professor R\u00edona Nic Cong\u00e1il<\/li>\n<li>Dr Peadar \u00d3 Muircheartaigh<\/li>\n<\/ul>\n<p>  is responsible for the editorial care. Professor M\u00e1ir\u00edn Nic Eoin and Dr Liam Mac Amhleigh were the original co-editors of issues 1-5, and Dr M\u00e1irt\u00edn Colef\u00e9ir was their co-editor from issues 1-4.  <\/p>\n<h2><strong>Editorial Advisory Board<\/strong><\/h2>\n<p>  In order to set the highest standards for this e-journal, and to draw on broad authoritative advice, an international academic advisory board has been appointed to  <strong><em>RESEARCH<\/em> COOPERATION<\/strong>, and the members of that board are:  <\/p>\n<ul>\n<li>Professor Ruair\u00ed \u00d3 hUiginn [DIAS] [Institi\u00faid Ard-l\u00e9inn Bhaile \u00c1tha Cliath]<\/li>\n<li>Professor P\u00e1draig \u00d3 Mach\u00e1in [UCC]<\/li>\n<li>Professor Gregory Toner [Queen\u2019s University Belfast]<\/li>\n<li>Professor Fionnt\u00e1n de Br\u00fan [Maynooth University] [Ollscoil Mh\u00e1 Nuad]<\/li>\n<li>Professor Michelle MacLeod [University of Aberdeen] [Ollscoil Obar Dheathain]<\/li>\n<li>Professor Jim McCloskey [<em>Emeritus<\/em>, Santa Cruz University]<\/li>\n<li>Professor Philip O\u2019Leary [<em>Emeritus<\/em>, Boston College]<\/li>\n<li>Professor Brian \u00d3 Conchubhair [Notre Dame University, Indiana]<\/li>\n<li>Dr Eoin Mac C\u00e1rthaigh [TCD]<\/li>\n<li>Dr M\u00e1ire N\u00ed Chios\u00e1in [UCD]<\/li>\n<li>Dr Brian \u00d3 Curn\u00e1in [DIAS] [Institi\u00faid Ard-l\u00e9inn Bhaile \u00c1tha Cliath]<\/li>\n<li>Dr R\u00f3is\u00edn N\u00ed Ghairbh\u00ed [Mary Immaculate College, Limerick]<\/li>\n<li>Dr Deirdre Nic Mhath\u00fana [DCU] [Ollscoil Chathair Bhaile \u00c1tha Cliath]<\/li>\n<li>Dr M\u00e1irt\u00edn Coilf\u00e9ir [University of Saint Michael\u2019s College, Toronto]<\/li>\n<\/ul>\n<p>  This board of experts helps confirm academic rubrics and best practices, as well as providing regular advice on the content, style, layout and progress of the e-journal. The editorial team also expects support from the advisory board in terms of publicizing the magazine among the Irish language reading public in general and in terms of encouraging New Irish scholars to submit quality content in its direction.   <\/p>\n<h2><strong>Open access policy<\/strong><\/h2>\n<p>  This publication is open access. That is, the entire content of the e-journal is made publicly available, without charging the user. Users can read, download, print, copy, search and link to all articles published in <strong>COMHAR <em>Research<\/em><\/strong> without asking permission from the author or publisher in advance. This is in line with <a href=\"http:\/\/www.budapestopenaccessinitiative.org\/\">the Budapest Open Access Initiative&#8217;s<\/a> definition of what open access is.     <\/p>\n<h2><strong>Editorial responsibility<\/strong><\/h2>\n<p>  The basic editorial principles of the magazine are as follows:  <\/p>\n<ul>\n<li>Every effort is made to promote scholarship in the journal\u2019s niche field, Modern Irish literature, while also promoting the journal as the best journal to publish articles in;<\/li>\n<li>Authors (both new and established) are encouraged to submit articles to the magazine;<\/li>\n<li>A confidential panel of expert peer-reviewers is established and developed;<\/li>\n<li>It is ensured that the feedback given by peer-reviewers to the authors is helpful;<\/li>\n<li>Feedback is provided to writers and reviewers when necessary;<\/li>\n<li>Appropriate critics and books are selected for scholarly reviews;<\/li>\n<li>Pioneering work is carried out in the niche field in which the journal operates;<\/li>\n<li>The advice in the file of the Committee on Publication Ethics (COPE) <em>\u2018<\/em><em>Code of Conduct and Best Practice Guidelines for Journal Editors<\/em><em>\u2019<\/em> is implemented.<\/li>\n<\/ul>\n<h2><strong>Peer-review principles<\/strong><\/h2>\n<p>  The basic principles of the journal&#8217;s peer review are as follows:  <\/p>\n<ul>\n<li>The entire peer-review process is anonymous. The writer does not know who the peer-reviewer is and the peer-reviewer does not know whose work they are reviewing; <\/li>\n<li>Two peer-reviewers read the articles and give advice on improvements;<\/li>\n<li>No peer-reviewer is asked to read more than one article in any given year;<\/li>\n<li>A definite timeline is put in place for the peer-reviewers to read and review the articles;<\/li>\n<li>Writers must adhere to a style guide which explains the word limit, the referencing system to be used, aspects of the house-style, the layout (spacing between lines, etc.);<\/li>\n<li>Discerning and tough recommendations are expected from the peer-reviewers, as well as their honest opinion on whether or not the material is of the highest standard; and<\/li>\n<li>It is expected that all writers can make comprehensive revisions to the content of their articles, taking into account the recommendations of the peer reviewers.<\/li>\n<\/ul>\n<p>  There is no fee for submitting or processing articles.  <\/p>\n<h2><strong>Technical arrangements<\/strong><\/h2>\n<p>  <strong>COMHAR <em>Research<\/em><\/strong> aims to make useful use of new technology to present research in Modern Irish literature to the public. Ronan Doherty is the technical advisor for the e-zine.  Every article published in the e-journal can be (i) read online, as a web page; or (ii) downloaded in PDF format. Articles on the website can be read on various types of devices, both desktop computers and mobile devices, and various search and browsing facilities can be used. It is possible to move easily between references in the main body of the article and the bibliography by clicking on the reference itself. References to Irish placenames are linked to entries in the <a href=\"\">Placenames Database of Ireland (logainm.ie)<\/a>. References to anyone who has an entry in the <a href=\"\">Irish National Biography Database (ainm.ie)<\/a> or <a href=\"\">Portraits of Irish Writers (portraidi.ie)<\/a> are linked to that website as well.       Every article can be downloaded in PDF format. This is useful in case people wish to print out and read an article or in case an internet connection is not available.  It is essential that the scholarly communities dealing with Modern Irish studies and other areas of research are aware of the content that will be available in <strong>COMHAR <em>Research<\/em><\/strong> . Various policies are being implemented to ensure that search engines will be able to easily find the articles published in the e-journal and that the articles will be indexed in popular academic databases. <strong>COMHAR <em>Research<\/em><\/strong> is registered with <a href=\"http:\/\/crossref.org\/\">CrossRef<\/a> and also indexed in the <a href=\"https:\/\/doaj.org\/toc\/2009-8626\">Directory of Open Access Journals<\/a> (DOAJ).    <\/p>\n<h2><strong>Long-term archiving<\/strong><\/h2>\n<p>  From the point of view of sustainability, therefore, it is important to choose a repository or supplier that has significant support and is linked to an institution with a proven track record of experience and durability. To that end, in 2019 <strong>COMHAR <em>Research<\/em><\/strong> began a partnership with <a href=\"http:\/\/dri.ie\/\">the Irish Digital Archive (DRI)<\/a> , under the umbrella of <a href=\"http:\/\/ria.ie\/library\">the Royal Irish Academy Library<\/a> , for the purpose of archiving and long-term preservation of the content of the e-journal. It is recommended to take this step for these reasons follows:   <\/p>\n<ul>\n<li>This ensures that there will be an extra back-up copy of the journal\u2019s details in the event of any major service failure; and<\/li>\n<li>A policy like this adds to the sustainability of the project; in the event that there would be any change to the status of the publisher in the future, it ensures that the journal\u2019s material will always be available.<\/li>\n<\/ul>\n<p>  The content of the five editions published so far has now been received in the Archive and the arrangement will continue for all subsequent editions. We are very pleased to be collaborating with an Irish institution to carry out this work and the results of the work will reinforce the status of <strong>COMHAR <em>Research<\/em><\/strong> as an open access e-journal of the highest editorial and technical quality.   <\/p>\n<h2><strong>The Publisher<\/strong><\/h2>\n<p>  <strong>COMHAR<\/strong> is the main national publisher of the Irish language, which publishes a monthly Irish magazine, <a href=\"http:\/\/comhar.ie\/iris\"><em>Comha<\/em> r,<\/a> a magazine for post-primary readers, COMHAR <em>\u00d3g<\/em> , a digital archive of portraits of Irish biographers, www.portraidi.ie, and various books under the imprints <strong><a href=\"http:\/\/comhar.ie\/leabhair\">COMHAR <em>Books<\/em><\/a><\/strong> and <strong><a href=\"http:\/\/clo.ie\/\">Cl\u00f3 L\u00e9ann the Irish language (CL\u00d3)<\/a> ;<\/strong> and other publishing projects in hand in the Irish language world.   <\/p>\n<h2><strong>Support<\/strong><\/h2>\n<p>  This e-magazine is published with the help of a grant for Irish language projects paid by the Higher Education Authority through University College, Cork with the support of the Irish Studies Committee, Irish Literature and Celtic Cultures, the Royal Academy of Ireland. COMHAR acknowledges this support. <\/p>\n","protected":false},"excerpt":{"rendered":"<p>In 2015, a new annual academic journal was launched, which was peer-reviewed by a team of scholars from institutions in Ireland and abroad. Scholarly work of the highest quality is published in this magazine, COMHAR R\u00e1ixn , in the following areas of New Irish studies in particular: criticism of literature and culture, studies of songs [&hellip;]<\/p>\n","protected":false},"author":4,"featured_media":0,"parent":0,"menu_order":0,"comment_status":"closed","ping_status":"closed","template":"","meta":{"_acf_changed":false,"inline_featured_image":false,"footnotes":""},"class_list":["post-1365","page","type-page","status-publish","hentry"],"acf":[],"yoast_head":"<!-- This site is optimized with the Yoast SEO plugin v23.9 - https:\/\/yoast.com\/wordpress\/plugins\/seo\/ -->\n<title>Information about the e-journal | COMHARTaighde<\/title>\n<meta name=\"robots\" content=\"index, follow, max-snippet:-1, max-image-preview:large, max-video-preview:-1\" \/>\n<link rel=\"canonical\" href=\"https:\/\/comhartaighde.ie\/en\/information-about-the-e-journal\/\" \/>\n<meta property=\"og:locale\" content=\"en_US\" \/>\n<meta property=\"og:type\" content=\"article\" \/>\n<meta property=\"og:title\" content=\"Information about the e-journal | COMHARTaighde\" \/>\n<meta property=\"og:description\" content=\"In 2015, a new annual academic journal was launched, which was peer-reviewed by a team of scholars from institutions in Ireland and abroad. Scholarly work of the highest quality is published in this magazine, COMHAR R\u00e1ixn , in the following areas of New Irish studies in particular: criticism of literature and culture, studies of songs [&hellip;]\" \/>\n<meta property=\"og:url\" content=\"https:\/\/comhartaighde.ie\/en\/information-about-the-e-journal\/\" \/>\n<meta property=\"og:site_name\" content=\"COMHARTaighde\" \/>\n<meta name=\"twitter:card\" content=\"summary_large_image\" \/>\n<meta name=\"twitter:label1\" content=\"Est. reading time\" \/>\n\t<meta name=\"twitter:data1\" content=\"7 minutes\" \/>\n<script type=\"application\/ld+json\" class=\"yoast-schema-graph\">{\"@context\":\"https:\/\/schema.org\",\"@graph\":[{\"@type\":\"WebPage\",\"@id\":\"https:\/\/comhartaighde.ie\/en\/information-about-the-e-journal\/\",\"url\":\"https:\/\/comhartaighde.ie\/en\/information-about-the-e-journal\/\",\"name\":\"Information about the e-journal | COMHARTaighde\",\"isPartOf\":{\"@id\":\"https:\/\/comhartaighde.ie\/#website\"},\"datePublished\":\"2024-10-04T05:30:25+00:00\",\"dateModified\":\"2024-10-04T05:30:25+00:00\",\"breadcrumb\":{\"@id\":\"https:\/\/comhartaighde.ie\/en\/information-about-the-e-journal\/#breadcrumb\"},\"inLanguage\":\"en-US\",\"potentialAction\":[{\"@type\":\"ReadAction\",\"target\":[\"https:\/\/comhartaighde.ie\/en\/information-about-the-e-journal\/\"]}]},{\"@type\":\"BreadcrumbList\",\"@id\":\"https:\/\/comhartaighde.ie\/en\/information-about-the-e-journal\/#breadcrumb\",\"itemListElement\":[{\"@type\":\"ListItem\",\"position\":1,\"name\":\"COMHARTaighde\",\"item\":\"https:\/\/comhartaighde.ie\/\"},{\"@type\":\"ListItem\",\"position\":2,\"name\":\"Information about the e-journal\"}]},{\"@type\":\"WebSite\",\"@id\":\"https:\/\/comhartaighde.ie\/#website\",\"url\":\"https:\/\/comhartaighde.ie\/\",\"name\":\"COMHARTaighde\",\"description\":\"R\u00edomhiris phiarmheasta L\u00e9ann na Gaeilge\",\"publisher\":{\"@id\":\"https:\/\/comhartaighde.ie\/#organization\"},\"potentialAction\":[{\"@type\":\"SearchAction\",\"target\":{\"@type\":\"EntryPoint\",\"urlTemplate\":\"https:\/\/comhartaighde.ie\/?s={search_term_string}\"},\"query-input\":{\"@type\":\"PropertyValueSpecification\",\"valueRequired\":true,\"valueName\":\"search_term_string\"}}],\"inLanguage\":\"en-US\"},{\"@type\":\"Organization\",\"@id\":\"https:\/\/comhartaighde.ie\/#organization\",\"name\":\"COMHARTaighde\",\"url\":\"https:\/\/comhartaighde.ie\/\",\"logo\":{\"@type\":\"ImageObject\",\"inLanguage\":\"en-US\",\"@id\":\"https:\/\/comhartaighde.ie\/#\/schema\/logo\/image\/\",\"url\":\"https:\/\/comhartaighde.ie\/wp-content\/uploads\/2024\/07\/logo.png\",\"contentUrl\":\"https:\/\/comhartaighde.ie\/wp-content\/uploads\/2024\/07\/logo.png\",\"width\":46,\"height\":46,\"caption\":\"COMHARTaighde\"},\"image\":{\"@id\":\"https:\/\/comhartaighde.ie\/#\/schema\/logo\/image\/\"}}]}<\/script>\n<!-- \/ Yoast SEO plugin. -->","yoast_head_json":{"title":"Information about the e-journal | COMHARTaighde","robots":{"index":"index","follow":"follow","max-snippet":"max-snippet:-1","max-image-preview":"max-image-preview:large","max-video-preview":"max-video-preview:-1"},"canonical":"https:\/\/comhartaighde.ie\/en\/information-about-the-e-journal\/","og_locale":"en_US","og_type":"article","og_title":"Information about the e-journal | COMHARTaighde","og_description":"In 2015, a new annual academic journal was launched, which was peer-reviewed by a team of scholars from institutions in Ireland and abroad. Scholarly work of the highest quality is published in this magazine, COMHAR R\u00e1ixn , in the following areas of New Irish studies in particular: criticism of literature and culture, studies of songs [&hellip;]","og_url":"https:\/\/comhartaighde.ie\/en\/information-about-the-e-journal\/","og_site_name":"COMHARTaighde","twitter_card":"summary_large_image","twitter_misc":{"Est. reading time":"7 minutes"},"schema":{"@context":"https:\/\/schema.org","@graph":[{"@type":"WebPage","@id":"https:\/\/comhartaighde.ie\/en\/information-about-the-e-journal\/","url":"https:\/\/comhartaighde.ie\/en\/information-about-the-e-journal\/","name":"Information about the e-journal | COMHARTaighde","isPartOf":{"@id":"https:\/\/comhartaighde.ie\/#website"},"datePublished":"2024-10-04T05:30:25+00:00","dateModified":"2024-10-04T05:30:25+00:00","breadcrumb":{"@id":"https:\/\/comhartaighde.ie\/en\/information-about-the-e-journal\/#breadcrumb"},"inLanguage":"en-US","potentialAction":[{"@type":"ReadAction","target":["https:\/\/comhartaighde.ie\/en\/information-about-the-e-journal\/"]}]},{"@type":"BreadcrumbList","@id":"https:\/\/comhartaighde.ie\/en\/information-about-the-e-journal\/#breadcrumb","itemListElement":[{"@type":"ListItem","position":1,"name":"COMHARTaighde","item":"https:\/\/comhartaighde.ie\/"},{"@type":"ListItem","position":2,"name":"Information about the e-journal"}]},{"@type":"WebSite","@id":"https:\/\/comhartaighde.ie\/#website","url":"https:\/\/comhartaighde.ie\/","name":"COMHARTaighde","description":"R\u00edomhiris phiarmheasta L\u00e9ann na Gaeilge","publisher":{"@id":"https:\/\/comhartaighde.ie\/#organization"},"potentialAction":[{"@type":"SearchAction","target":{"@type":"EntryPoint","urlTemplate":"https:\/\/comhartaighde.ie\/?s={search_term_string}"},"query-input":{"@type":"PropertyValueSpecification","valueRequired":true,"valueName":"search_term_string"}}],"inLanguage":"en-US"},{"@type":"Organization","@id":"https:\/\/comhartaighde.ie\/#organization","name":"COMHARTaighde","url":"https:\/\/comhartaighde.ie\/","logo":{"@type":"ImageObject","inLanguage":"en-US","@id":"https:\/\/comhartaighde.ie\/#\/schema\/logo\/image\/","url":"https:\/\/comhartaighde.ie\/wp-content\/uploads\/2024\/07\/logo.png","contentUrl":"https:\/\/comhartaighde.ie\/wp-content\/uploads\/2024\/07\/logo.png","width":46,"height":46,"caption":"COMHARTaighde"},"image":{"@id":"https:\/\/comhartaighde.ie\/#\/schema\/logo\/image\/"}}]}},"_links":{"self":[{"href":"https:\/\/comhartaighde.ie\/en\/wp-json\/wp\/v2\/pages\/1365","targetHints":{"allow":["GET"]}}],"collection":[{"href":"https:\/\/comhartaighde.ie\/en\/wp-json\/wp\/v2\/pages"}],"about":[{"href":"https:\/\/comhartaighde.ie\/en\/wp-json\/wp\/v2\/types\/page"}],"author":[{"embeddable":true,"href":"https:\/\/comhartaighde.ie\/en\/wp-json\/wp\/v2\/users\/4"}],"replies":[{"embeddable":true,"href":"https:\/\/comhartaighde.ie\/en\/wp-json\/wp\/v2\/comments?post=1365"}],"version-history":[{"count":0,"href":"https:\/\/comhartaighde.ie\/en\/wp-json\/wp\/v2\/pages\/1365\/revisions"}],"wp:attachment":[{"href":"https:\/\/comhartaighde.ie\/en\/wp-json\/wp\/v2\/media?parent=1365"}],"curies":[{"name":"wp","href":"https:\/\/api.w.org\/{rel}","templated":true}]}}