{"id":1052,"date":"2024-07-08T09:16:32","date_gmt":"2024-07-08T08:16:32","guid":{"rendered":"https:\/\/dev.comhartaighde.ie\/information\/"},"modified":"2024-08-30T12:01:41","modified_gmt":"2024-08-30T11:01:41","slug":"information","status":"publish","type":"page","link":"https:\/\/comhartaighde.ie\/en\/information\/","title":{"rendered":"Information"},"content":{"rendered":"\t\t<div data-elementor-type=\"wp-page\" data-elementor-id=\"1052\" class=\"elementor elementor-1052\" data-elementor-post-type=\"page\">\n\t\t\t\t<div class=\"elementor-element elementor-element-c7c63f3 e-flex e-con-boxed e-con e-parent\" data-id=\"c7c63f3\" data-element_type=\"container\" data-e-type=\"container\">\n\t\t\t\t\t<div class=\"e-con-inner\">\n\t\t<div class=\"elementor-element elementor-element-6be9f50 e-con-full e-flex e-con e-child\" data-id=\"6be9f50\" data-element_type=\"container\" data-e-type=\"container\">\n\t\t\t\t<div class=\"elementor-element elementor-element-f603296 elementor-widget elementor-widget-heading\" data-id=\"f603296\" data-element_type=\"widget\" data-e-type=\"widget\" data-widget_type=\"heading.default\">\n\t\t\t\t<div class=\"elementor-widget-container\">\n\t\t\t\t\t<h2 class=\"elementor-heading-title elementor-size-default\">Information about the journal <\/h2>\t\t\t\t<\/div>\n\t\t\t\t<\/div>\n\t\t\t\t<div class=\"elementor-element elementor-element-816467a elementor-widget elementor-widget-text-editor\" data-id=\"816467a\" data-element_type=\"widget\" data-e-type=\"widget\" data-widget_type=\"text-editor.default\">\n\t\t\t\t<div class=\"elementor-widget-container\">\n\t\t\t\t\t\t\t\t\t<p>In 2015 a new yearly academic journal, peer-reviewed by scholars, from institutes both in Ireland and abroad, was founded. This journal, <strong>COMHAR<em>Taighde<\/em>,<\/strong> publishes scholarly work of the highest standard, primarily in the following fields of Modern Irish scholarship: literary and cultural criticism, the study of songs and oral tradition, and Irish sociolinguistics. In order to serve the Irish community worldwide, in Ireland and abroad, the journal is published on an open access basis on the internet. This journal is not believed to be in competition with any other recognised periodical and it provides a peer-review forum to researchers in fields of study that do not currently have many opportunities for publication available to them. This project builds on the long-standing tradition of the monthly magazine, <em>Comhar<\/em>, as a place for public thought and also on the original philosophy of the magazine regarding the dispersion of scholarly findings amongst the widest possible community.     <\/p>\n\t\t\t\t\t\t\t\t<\/div>\n\t\t\t\t<\/div>\n\t\t\t\t<div class=\"elementor-element elementor-element-b6fd9c3 elementor-widget elementor-widget-heading\" data-id=\"b6fd9c3\" data-element_type=\"widget\" data-e-type=\"widget\" data-widget_type=\"heading.default\">\n\t\t\t\t<div class=\"elementor-widget-container\">\n\t\t\t\t\t<h2 class=\"elementor-heading-title elementor-size-default\">Editors<\/h2>\t\t\t\t<\/div>\n\t\t\t\t<\/div>\n\t\t\t\t<div class=\"elementor-element elementor-element-c8d3502 elementor-widget elementor-widget-text-editor\" data-id=\"c8d3502\" data-element_type=\"widget\" data-e-type=\"widget\" data-widget_type=\"text-editor.default\">\n\t\t\t\t<div class=\"elementor-widget-container\">\n\t\t\t\t\t\t\t\t\t<ul>\n<li>Associate Professor Caoimh\u00edn Mac Giolla L\u00e9ith<\/li>\n<li>Associate Professor R\u00edona Nic Cong\u00e1il<\/li>\n<li>Dr Peadar \u00d3 Muircheartaigh<\/li>\n<\/ul>\n<p>are responsible for the editing of the journal.<\/p>\n<p>Professor M\u00e1ir\u00edn Nic Eoin and Dr Liam Mac Amhlaigh were founding joint-editors, responsible for issues 1-5, and Dr M\u00e1irt\u00edn Coilf\u00e9ir was also a founding joint-editor, and worked with them on issues 1-4.<\/p>\n\t\t\t\t\t\t\t\t<\/div>\n\t\t\t\t<\/div>\n\t\t\t\t<div class=\"elementor-element elementor-element-0679ae4 elementor-widget elementor-widget-heading\" data-id=\"0679ae4\" data-element_type=\"widget\" data-e-type=\"widget\" data-widget_type=\"heading.default\">\n\t\t\t\t<div class=\"elementor-widget-container\">\n\t\t\t\t\t<h2 class=\"elementor-heading-title elementor-size-default\">Editorial Advisory Board<\/h2>\t\t\t\t<\/div>\n\t\t\t\t<\/div>\n\t\t\t\t<div class=\"elementor-element elementor-element-545a7d6 elementor-widget elementor-widget-text-editor\" data-id=\"545a7d6\" data-element_type=\"widget\" data-e-type=\"widget\" data-widget_type=\"text-editor.default\">\n\t\t\t\t<div class=\"elementor-widget-container\">\n\t\t\t\t\t\t\t\t\t<p>In order to set out the highest standard for this journal, and to draw on a wide range of influential advice, an international academic advisory board has been appointed for <strong>COMHAR<em>Taighde<\/em>,<\/strong> and the members of this board are:<\/p>\n<ul>\n<li>Professor Ruair\u00ed \u00d3 hUiginn [DIAS] [Institi\u00faid Ard-l\u00e9inn Bhaile \u00c1tha Cliath]<\/li>\n<li>Professor P\u00e1draig \u00d3 Mach\u00e1in [UCC]<\/li>\n<li>Professor Gregory Toner [Queen\u2019s University Belfast]<\/li>\n<li>Professor Fionnt\u00e1n de Br\u00fan [Maynooth University] [Ollscoil Mh\u00e1 Nuad]<\/li>\n<li>Professor Michelle MacLeod [University of Aberdeen] [Ollscoil Obar Dheathain]<\/li>\n<li>Professor Jim McCloskey [<em>Emeritus<\/em>, Santa Cruz University]<\/li>\n<li>Professor Philip O\u2019Leary [<em>Emeritus<\/em>, Boston College]<\/li>\n<li>Professor Brian \u00d3 Conchubhair [Notre Dame University, Indiana]<\/li>\n<li>Dr Eoin Mac C\u00e1rthaigh [TCD]<\/li>\n<li>Dr M\u00e1ire N\u00ed Chios\u00e1in [UCD]<\/li>\n<li>Dr Brian \u00d3 Curn\u00e1in [DIAS] [Institi\u00faid Ard-l\u00e9inn Bhaile \u00c1tha Cliath]<\/li>\n<li>Dr R\u00f3is\u00edn N\u00ed Ghairbh\u00ed [Mary Immaculate College, Limerick]<\/li>\n<li>Dr Deirdre Nic Mhath\u00fana [DCU] [Ollscoil Chathair Bhaile \u00c1tha Cliath]<\/li>\n<li>Dr M\u00e1irt\u00edn Coilf\u00e9ir [University of Saint Michael\u2019s College, Toronto]<\/li>\n<\/ul>\n<p>This board of experts helps to guarantee the best rubrics and academic practice, as well as to provide regular advice on the material, style, layout, and development of the journal. The editorial team also expects support from the advisory board with regard to the promotion of the journal within the general Irish scholarly community and the encouragement of Modern Irish scholars to submit high quality material to the journal.  <\/p>\n\t\t\t\t\t\t\t\t<\/div>\n\t\t\t\t<\/div>\n\t\t\t\t<div class=\"elementor-element elementor-element-c64043b elementor-widget elementor-widget-heading\" data-id=\"c64043b\" data-element_type=\"widget\" data-e-type=\"widget\" data-widget_type=\"heading.default\">\n\t\t\t\t<div class=\"elementor-widget-container\">\n\t\t\t\t\t<h2 class=\"elementor-heading-title elementor-size-default\">Open access policy<\/h2>\t\t\t\t<\/div>\n\t\t\t\t<\/div>\n\t\t\t\t<div class=\"elementor-element elementor-element-81dd40d elementor-widget elementor-widget-text-editor\" data-id=\"81dd40d\" data-element_type=\"widget\" data-e-type=\"widget\" data-widget_type=\"text-editor.default\">\n\t\t\t\t<div class=\"elementor-widget-container\">\n\t\t\t\t\t\t\t\t\t<p>This is an open access publication. This means that the entire contents of the e-journal are publicly available with no charge to the user. Users can read, download, print, copy, search, and link all articles published in <strong>COMHAR<em>Taighde<\/em> <\/strong>without seeking permission from the author or publisher in advance. This is in line with the definition of the <a href=\"http:\/\/www.budapestopenaccessinitiative.org\/\">Budapest Open Access Initiative<\/a> as to what constitutes open access.   <\/p>\n\t\t\t\t\t\t\t\t<\/div>\n\t\t\t\t<\/div>\n\t\t\t\t<div class=\"elementor-element elementor-element-3b2901b elementor-widget elementor-widget-heading\" data-id=\"3b2901b\" data-element_type=\"widget\" data-e-type=\"widget\" data-widget_type=\"heading.default\">\n\t\t\t\t<div class=\"elementor-widget-container\">\n\t\t\t\t\t<h2 class=\"elementor-heading-title elementor-size-default\">Editorial responsibility<\/h2>\t\t\t\t<\/div>\n\t\t\t\t<\/div>\n\t\t\t\t<div class=\"elementor-element elementor-element-cf51a6d elementor-widget elementor-widget-text-editor\" data-id=\"cf51a6d\" data-element_type=\"widget\" data-e-type=\"widget\" data-widget_type=\"text-editor.default\">\n\t\t\t\t<div class=\"elementor-widget-container\">\n\t\t\t\t\t\t\t\t\t<p>The basic editorial principles of the journal are as follows:<\/p>\n<ul>\n<li>Every effort is made to promote scholarship in the journal\u2019s niche field, Modern Irish literature, while also promoting the journal as the best journal to publish articles in;<\/li>\n<li>Authors (both new and established) are encouraged to submit articles to the magazine;<\/li>\n<li>A confidential panel of expert peer-reviewers is established and developed;<\/li>\n<li>It is ensured that the feedback given by peer-reviewers to the authors is helpful;<\/li>\n<li>Feedback is provided to writers and reviewers when necessary;<\/li>\n<li>Reviewers and suitable books are chosen for scholarly reviews; <\/li>\n<li>Pioneering work is carried out in the niche field in which the journal operates;<\/li>\n<li>The advice in the file of the Committee on Publication Ethics (COPE) <em>\u2018<\/em><em>Code of Conduct and Best Practice Guidelines for Journal Editors<\/em><em>\u2019<\/em> is implemented.<\/li>\n<\/ul>\n\t\t\t\t\t\t\t\t<\/div>\n\t\t\t\t<\/div>\n\t\t\t\t<div class=\"elementor-element elementor-element-038e604 elementor-widget elementor-widget-heading\" data-id=\"038e604\" data-element_type=\"widget\" data-e-type=\"widget\" data-widget_type=\"heading.default\">\n\t\t\t\t<div class=\"elementor-widget-container\">\n\t\t\t\t\t<h2 class=\"elementor-heading-title elementor-size-default\">Peer-review principles<\/h2>\t\t\t\t<\/div>\n\t\t\t\t<\/div>\n\t\t\t\t<div class=\"elementor-element elementor-element-ac2d47f elementor-widget elementor-widget-text-editor\" data-id=\"ac2d47f\" data-element_type=\"widget\" data-e-type=\"widget\" data-widget_type=\"text-editor.default\">\n\t\t\t\t<div class=\"elementor-widget-container\">\n\t\t\t\t\t\t\t\t\t<p>The journal\u2019s main peer-review principles are as follows:<\/p>\n<ul>\n<li>The entire peer-review process is anonymous. The writer does not know who the peer-reviewer is and the peer-reviewer does not know whose work they are reviewing; <\/li>\n<li>Two peer-reviewers read the articles and give advice on improvements;<\/li>\n<li>No peer-reviewer is asked to read more than one article in any given year;<\/li>\n<li>A definite timeline is put in place for the peer-reviewers to read and review the articles;<\/li>\n<li>Writers must adhere to a style guide which explains the word limit, the referencing system to be used, aspects of the house-style, the layout (spacing between lines, etc.);<\/li>\n<li>Discerning and tough recommendations are expected from the peer-reviewers, as well as their honest opinion on whether or not the material is of the highest standard; and<\/li>\n<li>All writers are expected to implement substantial amendments to the content of their articles, taking into consideration the recommendations of the peer-reviewers. <\/li>\n<\/ul>\n<p>There is no fee to submit or process articles.<\/p>\n\t\t\t\t\t\t\t\t<\/div>\n\t\t\t\t<\/div>\n\t\t\t\t<div class=\"elementor-element elementor-element-419d8f4 elementor-widget elementor-widget-heading\" data-id=\"419d8f4\" data-element_type=\"widget\" data-e-type=\"widget\" data-widget_type=\"heading.default\">\n\t\t\t\t<div class=\"elementor-widget-container\">\n\t\t\t\t\t<h2 class=\"elementor-heading-title elementor-size-default\">Technical arrangements<\/h2>\t\t\t\t<\/div>\n\t\t\t\t<\/div>\n\t\t\t\t<div class=\"elementor-element elementor-element-ace49fe elementor-widget elementor-widget-text-editor\" data-id=\"ace49fe\" data-element_type=\"widget\" data-e-type=\"widget\" data-widget_type=\"text-editor.default\">\n\t\t\t\t<div class=\"elementor-widget-container\">\n\t\t\t\t\t\t\t\t\t<p><strong>COMHAR<em>Taighde<\/em> <\/strong>intends to make practical use of modern technology to provide the community with research in Modern Irish scholarship. Ronan Doherty is the technical advisor of the journal. <\/p>\n<p>Every article published in the e-journal can be (i) read online, as a web page; or (ii) downloaded in PDF format. Articles on the website can be read on various types of devices, both desktop computers and mobile devices, and various search and browsing facilities can be used. It is possible to move easily between references in the main body of the article and the bibliography by clicking on the reference itself. References to Irish placenames are linked to entries in the <a href=\"http:\/\/www.logainm.ie\/ga\/\">Placenames Database of Ireland (logainm.ie)<\/a>. References to anyone who has an entry in the <a href=\"http:\/\/www.ainm.ie\/\">Irish National Biography Database (ainm.ie)<\/a> or <a href=\"http:\/\/portraidi.ie\/\">Portraits of Irish Writers (portraidi.ie)<\/a> are linked to that website as well.      <\/p>\n<p>Every article can be downloaded in PDF format. This is useful in case people wish to print out and read an article or in case an internet connection is not available. <\/p>\n<p>It is important necessary that the scholarly communities who are involved in Modern Irish scholarship and other fields of research are aware of the material that is available in <strong>COMHAR<em>Taighde<\/em>.<\/strong> Certain policies are being put in place to ensure that search engines will be able to easily find the articles published in the e-journal and so that articles will be indexed in popular academic databases. <strong>COMHAR<em>Taighde<\/em> <\/strong>is registered with <a href=\"http:\/\/crossref.org\/\">CrossRef<\/a> and is also indexed in the <a href=\"https:\/\/doaj.org\/toc\/2009-8626\">Directory of Open Access Journals<\/a> (DOAJ).  <\/p>\n\t\t\t\t\t\t\t\t<\/div>\n\t\t\t\t<\/div>\n\t\t\t\t<div class=\"elementor-element elementor-element-9c9a2bb elementor-widget elementor-widget-heading\" data-id=\"9c9a2bb\" data-element_type=\"widget\" data-e-type=\"widget\" data-widget_type=\"heading.default\">\n\t\t\t\t<div class=\"elementor-widget-container\">\n\t\t\t\t\t<h2 class=\"elementor-heading-title elementor-size-default\">Long-term archiving<\/h2>\t\t\t\t<\/div>\n\t\t\t\t<\/div>\n\t\t\t\t<div class=\"elementor-element elementor-element-4dc313b elementor-widget elementor-widget-text-editor\" data-id=\"4dc313b\" data-element_type=\"widget\" data-e-type=\"widget\" data-widget_type=\"text-editor.default\">\n\t\t\t\t<div class=\"elementor-widget-container\">\n\t\t\t\t\t\t\t\t\t<p>With regard to sustainability, it is therefore important to choose a depository or provider which has substantial support and which is linked to an institute that has a record of experience and permanence. To that end, in 2019 <strong>COMHAR<em>Taighde <\/em><\/strong>began a partnership with the <a href=\"http:\/\/dri.ie\/\">Digital Repository of Ireland (DRI)<\/a>, under the auspices the <a href=\"http:\/\/ria.ie\/library\">Library of the Royal Irish Academy<\/a>, in order to ensure long-term archiving and preservation of the journal\u2019s material. This step is recommended for the following reasons: <\/p>\n<ul>\n<li>This ensures that there will be an extra back-up copy of the journal\u2019s details in the event of any major service failure; and<\/li>\n<li>A policy like this adds to the sustainability of the project; in the event that there would be any change to the status of the publisher in the future, it ensures that the journal\u2019s material will always be available.<\/li>\n<\/ul>\n<p>Material in the five editions published to date has now been ingested into the Depository and this arrangement will continue on with all future editions. We are very happy to be working with an Irish institute to complete this work and the results of the work will reinforce <strong>COMHAR<em>Taighde<\/em><\/strong>\u2019s status as an open access journal of the highest editorial and technical standard. <\/p>\n\t\t\t\t\t\t\t\t<\/div>\n\t\t\t\t<\/div>\n\t\t\t\t<div class=\"elementor-element elementor-element-e8360a2 elementor-widget elementor-widget-heading\" data-id=\"e8360a2\" data-element_type=\"widget\" data-e-type=\"widget\" data-widget_type=\"heading.default\">\n\t\t\t\t<div class=\"elementor-widget-container\">\n\t\t\t\t\t<h2 class=\"elementor-heading-title elementor-size-default\">The Publisher<\/h2>\t\t\t\t<\/div>\n\t\t\t\t<\/div>\n\t\t\t\t<div class=\"elementor-element elementor-element-e72d3d0 elementor-widget elementor-widget-text-editor\" data-id=\"e72d3d0\" data-element_type=\"widget\" data-e-type=\"widget\" data-widget_type=\"text-editor.default\">\n\t\t\t\t<div class=\"elementor-widget-container\">\n\t\t\t\t\t\t\t\t\t<p><strong>COMHAR <\/strong>is one of the main national Irish-language publishers, which published a monthly Irish-language magazine, <a href=\"http:\/\/comhar.ie\/iris\"><em>Comhar<\/em><\/a>, a magazine for post-primary readers, COMHAR<em>\u00d3g<\/em>, a digital archive of portraits of living Irish-language writers, www.portraidi.ie, and various books under the imprints <strong><a href=\"http:\/\/comhar.ie\/leabhair\"><em>Leabhair<\/em>COMHAR<\/a><\/strong> and <strong><a href=\"http:\/\/clo.ie\/\">Cl\u00f3 L\u00e9ann na Gaeilge (CL\u00d3)<\/a><\/strong>; and other publishing projects underway in the Irish-language community.<\/p>\n\t\t\t\t\t\t\t\t<\/div>\n\t\t\t\t<\/div>\n\t\t\t\t<div class=\"elementor-element elementor-element-1c8996b elementor-widget elementor-widget-heading\" data-id=\"1c8996b\" data-element_type=\"widget\" data-e-type=\"widget\" data-widget_type=\"heading.default\">\n\t\t\t\t<div class=\"elementor-widget-container\">\n\t\t\t\t\t<h2 class=\"elementor-heading-title elementor-size-default\">Support<\/h2>\t\t\t\t<\/div>\n\t\t\t\t<\/div>\n\t\t\t\t<div class=\"elementor-element elementor-element-49f69cd elementor-widget elementor-widget-text-editor\" data-id=\"49f69cd\" data-element_type=\"widget\" data-e-type=\"widget\" data-widget_type=\"text-editor.default\">\n\t\t\t\t<div class=\"elementor-widget-container\">\n\t\t\t\t\t\t\t\t\t<p>This journal is published with the assistance of grants for Irish-language projects provided by the Higher Education Authority through University College Cork with support from the Irish-Language, Literature and Celtic Studies Committee of the Royal Irish Academy.<br \/>COMHAR acknowledges this support. <\/p>\n\t\t\t\t\t\t\t\t<\/div>\n\t\t\t\t<\/div>\n\t\t\t\t<\/div>\n\t\t<div class=\"elementor-element elementor-element-2c83d71 e-con-full e-flex e-con e-child\" data-id=\"2c83d71\" data-element_type=\"container\" data-e-type=\"container\">\n\t\t\t\t<div class=\"elementor-element elementor-element-38945b6 elementor-nav-menu__align-start elementor-nav-menu--dropdown-none elementor-widget elementor-widget-nav-menu\" data-id=\"38945b6\" data-element_type=\"widget\" data-e-type=\"widget\" data-settings=\"{&quot;layout&quot;:&quot;vertical&quot;,&quot;submenu_icon&quot;:{&quot;value&quot;:&quot;&lt;svg aria-hidden=\\&quot;true\\&quot; class=\\&quot;e-font-icon-svg e-fas-caret-down\\&quot; viewBox=\\&quot;0 0 320 512\\&quot; xmlns=\\&quot;http:\\\/\\\/www.w3.org\\\/2000\\\/svg\\&quot;&gt;&lt;path d=\\&quot;M31.3 192h257.3c17.8 0 26.7 21.5 14.1 34.1L174.1 354.8c-7.8 7.8-20.5 7.8-28.3 0L17.2 226.1C4.6 213.5 13.5 192 31.3 192z\\&quot;&gt;&lt;\\\/path&gt;&lt;\\\/svg&gt;&quot;,&quot;library&quot;:&quot;fa-solid&quot;}}\" data-widget_type=\"nav-menu.default\">\n\t\t\t\t<div class=\"elementor-widget-container\">\n\t\t\t\t\t\t\t\t<nav aria-label=\"Menu\" class=\"elementor-nav-menu--main elementor-nav-menu__container elementor-nav-menu--layout-vertical e--pointer-none\">\n\t\t\t\t<ul id=\"menu-1-38945b6\" class=\"elementor-nav-menu sm-vertical\"><li class=\"menu-item menu-item-type-post_type menu-item-object-page menu-item-1558\"><a href=\"https:\/\/comhartaighde.ie\/eolas\/\" class=\"elementor-item\">Information about the e-journal<\/a><\/li>\n<li class=\"menu-item menu-item-type-post_type menu-item-object-page menu-item-1561\"><a href=\"https:\/\/comhartaighde.ie\/eolas\/eitic\/\" class=\"elementor-item\">Publication Ethics and Malpractice Statement<\/a><\/li>\n<li class=\"menu-item menu-item-type-post_type menu-item-object-page menu-item-1562\"><a href=\"https:\/\/comhartaighde.ie\/eolas\/ceartuchain\/\" class=\"elementor-item\">Journal policy in relation to corrections and retractions in published articles<\/a><\/li>\n<\/ul>\t\t\t<\/nav>\n\t\t\t\t\t\t<nav class=\"elementor-nav-menu--dropdown elementor-nav-menu__container\" aria-hidden=\"true\">\n\t\t\t\t<ul id=\"menu-2-38945b6\" class=\"elementor-nav-menu sm-vertical\"><li class=\"menu-item menu-item-type-post_type menu-item-object-page menu-item-1558\"><a href=\"https:\/\/comhartaighde.ie\/eolas\/\" class=\"elementor-item\" tabindex=\"-1\">Information about the e-journal<\/a><\/li>\n<li class=\"menu-item menu-item-type-post_type menu-item-object-page menu-item-1561\"><a href=\"https:\/\/comhartaighde.ie\/eolas\/eitic\/\" class=\"elementor-item\" tabindex=\"-1\">Publication Ethics and Malpractice Statement<\/a><\/li>\n<li class=\"menu-item menu-item-type-post_type menu-item-object-page menu-item-1562\"><a href=\"https:\/\/comhartaighde.ie\/eolas\/ceartuchain\/\" class=\"elementor-item\" tabindex=\"-1\">Journal policy in relation to corrections and retractions in published articles<\/a><\/li>\n<\/ul>\t\t\t<\/nav>\n\t\t\t\t\t\t<\/div>\n\t\t\t\t<\/div>\n\t\t\t\t<\/div>\n\t\t\t\t\t<\/div>\n\t\t\t\t<\/div>\n\t\t\t\t<\/div>\n\t\t","protected":false},"excerpt":{"rendered":"<p>Information about the journal In 2015 a new yearly academic journal, peer-reviewed by scholars, from institutes both in Ireland and abroad, was founded. This journal, COMHARTaighde, publishes scholarly work of the highest standard, primarily in the following fields of Modern Irish scholarship: literary and cultural criticism, the study of songs and oral tradition, and Irish [&hellip;]<\/p>\n","protected":false},"author":3,"featured_media":0,"parent":0,"menu_order":0,"comment_status":"closed","ping_status":"closed","template":"elementor_header_footer","meta":{"_acf_changed":false,"inline_featured_image":false,"footnotes":""},"class_list":["post-1052","page","type-page","status-publish","hentry"],"acf":[],"_links":{"self":[{"href":"https:\/\/comhartaighde.ie\/en\/wp-json\/wp\/v2\/pages\/1052","targetHints":{"allow":["GET"]}}],"collection":[{"href":"https:\/\/comhartaighde.ie\/en\/wp-json\/wp\/v2\/pages"}],"about":[{"href":"https:\/\/comhartaighde.ie\/en\/wp-json\/wp\/v2\/types\/page"}],"author":[{"embeddable":true,"href":"https:\/\/comhartaighde.ie\/en\/wp-json\/wp\/v2\/users\/3"}],"replies":[{"embeddable":true,"href":"https:\/\/comhartaighde.ie\/en\/wp-json\/wp\/v2\/comments?post=1052"}],"version-history":[{"count":1,"href":"https:\/\/comhartaighde.ie\/en\/wp-json\/wp\/v2\/pages\/1052\/revisions"}],"predecessor-version":[{"id":1053,"href":"https:\/\/comhartaighde.ie\/en\/wp-json\/wp\/v2\/pages\/1052\/revisions\/1053"}],"wp:attachment":[{"href":"https:\/\/comhartaighde.ie\/en\/wp-json\/wp\/v2\/media?parent=1052"}],"curies":[{"name":"wp","href":"https:\/\/api.w.org\/{rel}","templated":true}]}}